{"id":704,"date":"2023-04-14T13:16:39","date_gmt":"2023-04-14T11:16:39","guid":{"rendered":"https:\/\/www.sz-pp.si\/sz-projektivno-podjetje-ljubljana-2\/"},"modified":"2024-01-25T23:20:24","modified_gmt":"2024-01-25T22:20:24","slug":"sz-projektivno-podjetje-ljubljana-2","status":"publish","type":"page","link":"https:\/\/www.sz-pp.si\/en\/","title":{"rendered":"S\u017d &#8211; Projektivno podjetje Ljubljana"},"content":{"rendered":"<div class=\"wpb-content-wrapper\"><p>[vc_row row_height_percent=&#8221;0&#8243; override_padding=&#8221;yes&#8221; h_padding=&#8221;2&#8243; top_padding=&#8221;3&#8243; bottom_padding=&#8221;3&#8243; overlay_alpha=&#8221;50&#8243; gutter_size=&#8221;3&#8243; column_width_percent=&#8221;100&#8243; shift_y=&#8221;0&#8243; z_index=&#8221;0&#8243; uncode_shortcode_id=&#8221;139893&#8243; row_name=&#8221;o-nas&#8221;][vc_column column_width_percent=&#8221;100&#8243; gutter_size=&#8221;2&#8243; overlay_alpha=&#8221;50&#8243; shift_x=&#8221;0&#8243; shift_y=&#8221;0&#8243; shift_y_down=&#8221;0&#8243; z_index=&#8221;0&#8243; medium_width=&#8221;0&#8243; mobile_width=&#8221;0&#8243; width=&#8221;1\/1&#8243; uncode_shortcode_id=&#8221;489741&#8243;][vc_column_text uncode_shortcode_id=&#8221;173275&#8243; el_class=&#8221;custom-justify&#8221;]We are a majority employee-owned public limited company that has been providing quality design services, mainly related to railway infrastructure, since 1952. Through years of established and technically innovative work, we have developed into a team of highly qualified professionals in various fields. We offer solutions for even the most complex project documentation through active cooperation.[\/vc_column_text][vc_accordion typography=&#8221;advanced&#8221; sign=&#8221;none&#8221; label_border=&#8221;yes&#8221; content_border=&#8221;yes&#8221; title_padding=&#8221;yes&#8221; gutter_simple=&#8221;0&#8243; titles_font=&#8221;font-148584&#8243; titles_transform=&#8221;uppercase&#8221; uncode_shortcode_id=&#8221;685680&#8243; active_tab=&#8221;0&#8243;][vc_accordion_tab icon=&#8221;fa fa-plus&#8221; gutter_size=&#8221;2&#8243; column_padding=&#8221;1&#8243; title=&#8221;More about us&#8221; tab_id=&#8221;1696419696-1-38&#8243;][vc_column_text uncode_shortcode_id=&#8221;145313&#8243; el_class=&#8221;custom-justify&#8221;]The company was established by a decision issued on 1 July 1952 by the Main Directorate of Yugoslav Railways. The decision states that a design bureau is to be established at the Ljubljana Railway Directorate with the name: &#8220;Design Bureau at the Ljubljana Railway Directorate&#8221;.<\/p>\n<p>The company continued to operate within the railway system (whatever it was called in that period) until 1995, when, in accordance with the Act on the Ownership Transformation of Enterprises, it was registered as a joint-stock company and was simultaneously separated from the Slovenian railway system. Originally, the company was owned by employees, the railways and various trusts.<\/p>\n<p>The ownership structure of the company has changed over time. Employees bought up shares in individual funds and railways and today share ownership is concentrated in the hands of employees, ex-employees, or their heirs. The company has operated its own account throughout its existence.<\/p>\n<p>During the 43 years that the company has been part of the railways, the name of the company has changed slightly, partly in line with the different names of the umbrella company. In the beginning, the company was called \u017delezni\u0161ki projektivni biro Ljubljana, later \u017delezni\u0161ko projektivno podjetje Ljubljana and \u017dG (as \u017delezni\u0161ko gospodarstvo) &#8211; Projektivno podjetje Ljubljana. At the time of Slovenia&#8217;s independence, \u017delezni\u0161ko gospodarstvo Ljubljana (which had until then been part of Yugoslav Railways) was renamed Slovenske \u017eeleznice. As a company within the Slovenian Railways system, our company was named S\u017d &#8211; Projektivno podjetje Ljubljana. The abbreviation S\u017d in the company name at that time actually stood for the name of the umbrella company. However, when the joint-stock company was established and the company was separated from the Slovenian Railways system, it continued on its independent path with the same name and the addition d.d. (joint-stock company). Since then, the abbreviation at the beginning of the company name has come to stand for our motto &#8220;We design railways!&#8221;.[\/vc_column_text][\/vc_accordion_tab][\/vc_accordion][\/vc_column][\/vc_row][vc_row unlock_row_content=&#8221;yes&#8221; row_height_percent=&#8221;0&#8243; override_padding=&#8221;yes&#8221; h_padding=&#8221;0&#8243; top_padding=&#8221;0&#8243; bottom_padding=&#8221;2&#8243; back_color=&#8221;color-gyho&#8221; overlay_alpha=&#8221;50&#8243; gutter_size=&#8221;3&#8243; column_width_percent=&#8221;100&#8243; shift_y=&#8221;0&#8243; z_index=&#8221;0&#8243; uncode_shortcode_id=&#8221;719649&#8243; back_color_type=&#8221;uncode-palette&#8221;][vc_column column_width_percent=&#8221;100&#8243; gutter_size=&#8221;3&#8243; overlay_alpha=&#8221;50&#8243; shift_x=&#8221;0&#8243; shift_y=&#8221;0&#8243; shift_y_down=&#8221;0&#8243; z_index=&#8221;0&#8243; medium_width=&#8221;0&#8243; mobile_width=&#8221;0&#8243; width=&#8221;1\/1&#8243; uncode_shortcode_id=&#8221;433087&#8243;][vc_single_image media=&#8221;44&#8243; media_width_percent=&#8221;100&#8243; uncode_shortcode_id=&#8221;387104&#8243; el_class=&#8221;vector-tiri&#8221;][\/vc_column][\/vc_row][vc_row row_height_percent=&#8221;0&#8243; override_padding=&#8221;yes&#8221; h_padding=&#8221;2&#8243; top_padding=&#8221;2&#8243; bottom_padding=&#8221;3&#8243; back_color=&#8221;color-gyho&#8221; overlay_alpha=&#8221;50&#8243; gutter_size=&#8221;3&#8243; column_width_percent=&#8221;100&#8243; shift_y=&#8221;0&#8243; z_index=&#8221;0&#8243; uncode_shortcode_id=&#8221;807948&#8243; back_color_type=&#8221;uncode-palette&#8221;][vc_column column_width_percent=&#8221;100&#8243; gutter_size=&#8221;3&#8243; overlay_alpha=&#8221;50&#8243; shift_x=&#8221;0&#8243; shift_y=&#8221;0&#8243; shift_y_down=&#8221;0&#8243; z_index=&#8221;0&#8243; medium_width=&#8221;0&#8243; mobile_width=&#8221;0&#8243; width=&#8221;1\/1&#8243; uncode_shortcode_id=&#8221;888466&#8243;][vc_custom_heading text_size=&#8221;h1&#8243; uncode_shortcode_id=&#8221;178263&#8243;]Technical areas[\/vc_custom_heading][vc_accordion typography=&#8221;yes&#8221; sign=&#8221;plus&#8221; active_tab=&#8221;0&#8243; el_class=&#8221;custom-accordion tehnicna_podrocja_accordion&#8221;][vc_accordion_tab gutter_size=&#8221;2&#8243; column_padding=&#8221;2&#8243; title=&#8221;Railway planning&#8221; tab_id=&#8221;1681305002-1-58&#8243; slug=&#8221;nacrtovanje-zeleznic&#8221;][vc_column_text uncode_shortcode_id=&#8221;104836&#8243;]<\/p>\n<ul>\n<li>Preparation of project documentation for:\n<ul>\n<li>New buildings\n<ul>\n<li>railway lines,<\/li>\n<li>train stations,<\/li>\n<li>train stops,<\/li>\n<li>industrial tracks,<\/li>\n<\/ul>\n<\/li>\n<li>upgrades to existing lines and stations (to improve line parameters &#8211; speed, axle loads, etc.),<\/li>\n<li>renovation (overhaul) of existing lines, stations and industrial tracks,<\/li>\n<li>road crossings with railway lines (at-grade and off-grade),<\/li>\n<li>road diversions, link roads.<\/li>\n<\/ul>\n<\/li>\n<\/ul>\n<p>[\/vc_column_text][\/vc_accordion_tab][vc_accordion_tab gutter_size=&#8221;2&#8243; column_padding=&#8221;2&#8243; title=&#8221;Electrical design&#8221; tab_id=&#8221;1681305002-2-83&#8243; slug=&#8221;elektro-objekti&#8221;][vc_column_text uncode_shortcode_id=&#8221;815783&#8243;]<\/p>\n<ul>\n<li>Preparation of project documentation for:\n<ul>\n<li>the rail rolling stock network (new buildings, upgrades, renewals),<\/li>\n<li>traction substations (new constructions, upgrades, renovations, etc.),<\/li>\n<li>outdoor lighting,<\/li>\n<li>electrical installations in buildings and other structures.<\/li>\n<\/ul>\n<\/li>\n<\/ul>\n<p>[\/vc_column_text][\/vc_accordion_tab][vc_accordion_tab gutter_size=&#8221;2&#8243; column_padding=&#8221;2&#8243; title=&#8221;Design of bridging, support, retaining and other structures&#8221; tab_id=&#8221;1681305631815-2-6&#8243; slug=&#8221;mostovi&#8221;][vc_column_text uncode_shortcode_id=&#8221;283560&#8243;]<\/p>\n<ul>\n<li>Preparation of project documentation for new construction, renovation and rehabilitation:\n<ul>\n<li>  bridges, overpasses, underpasses, underpasses, overpasses, viaducts, culverts,<\/li>\n<li>  retaining and retaining walls.<\/li>\n<\/ul>\n<\/li>\n<\/ul>\n<p>[\/vc_column_text][\/vc_accordion_tab][vc_accordion_tab gutter_size=&#8221;2&#8243; column_padding=&#8221;2&#8243; title=&#8221;Architecture&#8221; tab_id=&#8221;1681305648757-3-10&#8243; slug=&#8221;arhitekrua&#8221;][vc_column_text uncode_shortcode_id=&#8221;185910&#8243;]<\/p>\n<ul>\n<li>Preparing project documentation for new construction, renovation or rehabilitation:\n<ul>\n<li>different buildings or outbuildings,<\/li>\n<li>canopies,<\/li>\n<li>shelters.<\/li>\n<\/ul>\n<\/li>\n<\/ul>\n<p>[\/vc_column_text][\/vc_accordion_tab][\/vc_accordion][\/vc_column][\/vc_row][vc_row row_height_percent=&#8221;0&#8243; override_padding=&#8221;yes&#8221; h_padding=&#8221;2&#8243; top_padding=&#8221;3&#8243; bottom_padding=&#8221;0&#8243; overlay_alpha=&#8221;50&#8243; gutter_size=&#8221;3&#8243; column_width_percent=&#8221;100&#8243; shift_y=&#8221;0&#8243; z_index=&#8221;0&#8243; uncode_shortcode_id=&#8221;114835&#8243; row_name=&#8221;projekti&#8221;][vc_column column_width_percent=&#8221;100&#8243; gutter_size=&#8221;3&#8243; overlay_alpha=&#8221;50&#8243; shift_x=&#8221;0&#8243; shift_y=&#8221;0&#8243; shift_y_down=&#8221;0&#8243; z_index=&#8221;0&#8243; medium_width=&#8221;0&#8243; mobile_width=&#8221;0&#8243; width=&#8221;1\/1&#8243; uncode_shortcode_id=&#8221;888466&#8243;][vc_custom_heading text_size=&#8221;h1&#8243; uncode_shortcode_id=&#8221;100139&#8243;]Solutions[\/vc_custom_heading][\/vc_column][\/vc_row][vc_row unlock_row_content=&#8221;yes&#8221; row_height_percent=&#8221;0&#8243; override_padding=&#8221;yes&#8221; h_padding=&#8221;0&#8243; top_padding=&#8221;2&#8243; bottom_padding=&#8221;0&#8243; overlay_alpha=&#8221;50&#8243; gutter_size=&#8221;3&#8243; column_width_percent=&#8221;100&#8243; shift_y=&#8221;0&#8243; z_index=&#8221;0&#8243; uncode_shortcode_id=&#8221;179986&#8243;][vc_column column_width_percent=&#8221;100&#8243; gutter_size=&#8221;3&#8243; overlay_alpha=&#8221;50&#8243; shift_x=&#8221;0&#8243; shift_y=&#8221;0&#8243; shift_y_down=&#8221;0&#8243; z_index=&#8221;0&#8243; medium_width=&#8221;0&#8243; mobile_width=&#8221;0&#8243; width=&#8221;1\/1&#8243; uncode_shortcode_id=&#8221;888466&#8243;][vc_gallery el_id=&#8221;gallery-930576&#8243; type=&#8221;carousel&#8221; medias=&#8221;165,166,167,168,169,170,171&#8243; carousel_lg=&#8221;2&#8243; carousel_md=&#8221;2&#8243; carousel_sm=&#8221;1&#8243; thumb_size=&#8221;three-two&#8221; gutter_size=&#8221;4&#8243; media_items=&#8221;media|lightbox|original,icon|md,title&#8221; carousel_interval=&#8221;15000&#8243; carousel_navspeed=&#8221;700&#8243; carousel_loop=&#8221;yes&#8221; carousel_nav=&#8221;yes&#8221; carousel_dots=&#8221;yes&#8221; carousel_dots_mobile=&#8221;yes&#8221; stage_padding=&#8221;25&#8243; single_text=&#8221;under&#8221; single_overlay_color=&#8221;color-szpp&#8221; single_overlay_opacity=&#8221;30&#8243; single_padding=&#8221;2&#8243; single_text_reduced=&#8221;yes&#8221; single_title_weight=&#8221;400&#8243; single_icon=&#8221;fa fa-plus2&#8243; single_border=&#8221;yes&#8221; lbox_title=&#8221;yes&#8221; lbox_social=&#8221;yes&#8221; lbox_counter=&#8221;yes&#8221; uncode_shortcode_id=&#8221;163402&#8243; el_class=&#8221;reference-gallery&#8221;][\/vc_column][\/vc_row][vc_row row_height_percent=&#8221;0&#8243; override_padding=&#8221;yes&#8221; h_padding=&#8221;2&#8243; top_padding=&#8221;3&#8243; bottom_padding=&#8221;2&#8243; overlay_alpha=&#8221;50&#8243; gutter_size=&#8221;3&#8243; column_width_percent=&#8221;100&#8243; shift_y=&#8221;0&#8243; z_index=&#8221;0&#8243; uncode_shortcode_id=&#8221;157235&#8243; row_name=&#8221;kontakti&#8221;][vc_column column_width_percent=&#8221;100&#8243; gutter_size=&#8221;3&#8243; overlay_alpha=&#8221;50&#8243; shift_x=&#8221;0&#8243; shift_y=&#8221;0&#8243; shift_y_down=&#8221;0&#8243; z_index=&#8221;0&#8243; medium_width=&#8221;0&#8243; mobile_width=&#8221;0&#8243; width=&#8221;1\/1&#8243; uncode_shortcode_id=&#8221;888466&#8243;][vc_custom_heading heading_semantic=&#8221;h3&#8243; text_size=&#8221;h1&#8243; text_weight=&#8221;300&#8243; uncode_shortcode_id=&#8221;198243&#8243;]Let&#8217;s talk about your project[\/vc_custom_heading][vc_custom_heading text_color=&#8221;color-blue&#8221; heading_semantic=&#8221;h5&#8243; text_size=&#8221;h5&#8243; sub_reduced=&#8221;yes&#8221; uncode_shortcode_id=&#8221;912716&#8243; text_color_type=&#8221;uncode-palette&#8221; subheading=&#8221;DESIGN \/ ENGINEERING \/ CONSULTANCY&#8221; el_class=&#8221;blue-subheading&#8221;]S\u017d &#8211; Projektivno podjetje Ljubljana d.d., Ukmarjeva ulica 6, Ljubljana[\/vc_custom_heading][vc_row_inner row_inner_height_percent=&#8221;0&#8243; overlay_alpha=&#8221;50&#8243; gutter_size=&#8221;3&#8243; shift_y=&#8221;0&#8243; z_index=&#8221;0&#8243; uncode_shortcode_id=&#8221;191151&#8243; el_class=&#8221;contact-info-blurb&#8221;][vc_column_inner column_width_percent=&#8221;100&#8243; gutter_size=&#8221;2&#8243; overlay_alpha=&#8221;50&#8243; shift_x=&#8221;0&#8243; shift_y=&#8221;0&#8243; shift_y_down=&#8221;0&#8243; z_index=&#8221;0&#8243; medium_width=&#8221;0&#8243; mobile_width=&#8221;0&#8243; width=&#8221;1\/1&#8243; uncode_shortcode_id=&#8221;244681&#8243;][vc_icon position=&#8221;left&#8221; icon=&#8221;fa fa-phone-handset&#8221; background_style=&#8221;fa-rounded&#8221; text_size=&#8221;h2&#8243; text_weight=&#8221;300&#8243; linked_title=&#8221;yes&#8221; uncode_shortcode_id=&#8221;194595&#8243; title=&#8221;+386 1 300 76 00&#8243; link=&#8221;url:tel%3A0038613007600|&#8221;][\/vc_icon][vc_icon position=&#8221;left&#8221; icon=&#8221;fa fa-envelope3&#8243; background_style=&#8221;fa-rounded&#8221; text_size=&#8221;h2&#8243; text_weight=&#8221;300&#8243; linked_title=&#8221;yes&#8221; uncode_shortcode_id=&#8221;805694&#8243; title=&#8221;uprava@sz-pp.si&#8221; link=&#8221;url:mailto%3Auprava%40sz-pp.si|&#8221;][\/vc_icon][\/vc_column_inner][\/vc_row_inner][\/vc_column][\/vc_row][vc_row row_height_percent=&#8221;0&#8243; override_padding=&#8221;yes&#8221; h_padding=&#8221;2&#8243; top_padding=&#8221;0&#8243; bottom_padding=&#8221;0&#8243; overlay_alpha=&#8221;50&#8243; gutter_size=&#8221;3&#8243; column_width_percent=&#8221;100&#8243; shift_y=&#8221;0&#8243; z_index=&#8221;0&#8243; enable_bottom_divider=&#8221;default&#8221; bottom_divider=&#8221;step&#8221; shape_bottom_h_use_pixel=&#8221;true&#8221; shape_bottom_height_percent=&#8221;50&#8243; shape_bottom_color=&#8221;color-light&#8221; shape_bottom_opacity=&#8221;100&#8243; shape_bottom_index=&#8221;0&#8243; uncode_shortcode_id=&#8221;105289&#8243; shape_bottom_color_type=&#8221;uncode-palette&#8221;][vc_column column_width_percent=&#8221;100&#8243; align_horizontal=&#8221;align_right&#8221; gutter_size=&#8221;3&#8243; overlay_alpha=&#8221;50&#8243; shift_x=&#8221;0&#8243; shift_y=&#8221;0&#8243; shift_y_down=&#8221;0&#8243; z_index=&#8221;0&#8243; medium_width=&#8221;0&#8243; mobile_width=&#8221;0&#8243; width=&#8221;1\/1&#8243; uncode_shortcode_id=&#8221;801827&#8243;][vc_button button_color=&#8221;accent&#8221; border_width=&#8221;0&#8243; button_color_type=&#8221;uncode-palette&#8221; uncode_shortcode_id=&#8221;172144&#8243; link=&#8221;url:https%3A%2F%2Fwww.sz-pp.si%2Fen%2Flocation%2F|title:Location|&#8221;]How to reach us[\/vc_button][\/vc_column][\/vc_row][vc_row row_height_percent=&#8221;0&#8243; override_padding=&#8221;yes&#8221; h_padding=&#8221;2&#8243; top_padding=&#8221;2&#8243; bottom_padding=&#8221;3&#8243; back_color=&#8221;color-light&#8221; overlay_alpha=&#8221;50&#8243; gutter_size=&#8221;3&#8243; column_width_percent=&#8221;100&#8243; shift_y=&#8221;0&#8243; z_index=&#8221;0&#8243; uncode_shortcode_id=&#8221;457777&#8243; back_color_type=&#8221;uncode-palette&#8221;][vc_column column_width_percent=&#8221;100&#8243; gutter_size=&#8221;3&#8243; overlay_alpha=&#8221;50&#8243; shift_x=&#8221;0&#8243; shift_y=&#8221;0&#8243; shift_y_down=&#8221;0&#8243; z_index=&#8221;0&#8243; medium_width=&#8221;0&#8243; mobile_width=&#8221;0&#8243; width=&#8221;1\/1&#8243; uncode_shortcode_id=&#8221;191345&#8243;][vc_custom_heading text_size=&#8221;h1&#8243; uncode_shortcode_id=&#8221;280223&#8243;]Latest posts[\/vc_custom_heading][vc_tabs typography=&#8221;yes&#8221; align=&#8221;left&#8221; el_class=&#8221;post-tabs-custom&#8221;][vc_tab gutter_size=&#8221;3&#8243; column_padding=&#8221;0&#8243; title=&#8221;Show all&#8221; tab_id=&#8221;1685019658-1-73&#8243;][uncode_index el_id=&#8221;landing-objave&#8221; index_type=&#8221;css_grid&#8221; loop=&#8221;size:3|order_by:date|post_type:post|taxonomy_count:10&#8243; grid_items=&#8221;3&#8243; screen_lg_items=&#8221;1&#8243; screen_lg_breakpoint=&#8221;900&#8243; screen_md_items=&#8221;1&#8243; screen_md_breakpoint=&#8221;600&#8243; screen_sm_items=&#8221;1&#8243; screen_sm_breakpoint=&#8221;480&#8243; gutter_size=&#8221;3&#8243; css_grid_equal_height=&#8221;yes&#8221; post_items=&#8221;category|nobg|relative|hide-icon,title,date&#8221; single_back_color=&#8221;color-light&#8221; single_overlay_color=&#8221;color-szpp&#8221; single_overlay_opacity=&#8221;50&#8243; single_image_anim=&#8221;no&#8221; single_padding=&#8221;2&#8243; single_title_dimension=&#8221;h3&#8243; single_border=&#8221;yes&#8221; uncode_shortcode_id=&#8221;117308&#8243;][vc_row_inner][vc_column_inner column_width_percent=&#8221;100&#8243; align_horizontal=&#8221;align_right&#8221; gutter_size=&#8221;3&#8243; overlay_alpha=&#8221;50&#8243; shift_x=&#8221;0&#8243; shift_y=&#8221;0&#8243; shift_y_down=&#8221;0&#8243; z_index=&#8221;0&#8243; medium_width=&#8221;0&#8243; mobile_width=&#8221;0&#8243; width=&#8221;1\/1&#8243; uncode_shortcode_id=&#8221;118484&#8243;][vc_button button_color=&#8221;accent&#8221; border_width=&#8221;0&#8243; uncode_shortcode_id=&#8221;865085&#8243; button_color_type=&#8221;uncode-palette&#8221; link=&#8221;url:https%3A%2F%2Fwww.sz-pp.si%2Fen%2Fpublications%2F|title:Publications|&#8221;]Other publications[\/vc_button][\/vc_column_inner][\/vc_row_inner][\/vc_tab][vc_tab gutter_size=&#8221;3&#8243; column_padding=&#8221;0&#8243; title=&#8221;Publications&#8221; tab_id=&#8221;1685103493904-3-8&#8243;][uncode_index el_id=&#8221;landing-objave&#8221; index_type=&#8221;css_grid&#8221; loop=&#8221;size:3|order_by:date|post_type:post|categories:12|taxonomy_count:10&#8243; grid_items=&#8221;3&#8243; screen_lg_items=&#8221;1&#8243; screen_lg_breakpoint=&#8221;900&#8243; screen_md_items=&#8221;1&#8243; screen_md_breakpoint=&#8221;600&#8243; screen_sm_items=&#8221;1&#8243; screen_sm_breakpoint=&#8221;480&#8243; gutter_size=&#8221;3&#8243; css_grid_equal_height=&#8221;yes&#8221; post_items=&#8221;category|nobg|relative|hide-icon,title,date&#8221; single_back_color=&#8221;color-light&#8221; single_overlay_color=&#8221;color-szpp&#8221; single_overlay_opacity=&#8221;50&#8243; single_image_anim=&#8221;no&#8221; single_padding=&#8221;2&#8243; single_title_dimension=&#8221;h3&#8243; single_border=&#8221;yes&#8221; uncode_shortcode_id=&#8221;353355&#8243;][vc_row_inner][vc_column_inner column_width_percent=&#8221;100&#8243; align_horizontal=&#8221;align_right&#8221; gutter_size=&#8221;3&#8243; overlay_alpha=&#8221;50&#8243; shift_x=&#8221;0&#8243; shift_y=&#8221;0&#8243; shift_y_down=&#8221;0&#8243; z_index=&#8221;0&#8243; medium_width=&#8221;0&#8243; mobile_width=&#8221;0&#8243; width=&#8221;1\/1&#8243; uncode_shortcode_id=&#8221;118484&#8243;][vc_button button_color=&#8221;accent&#8221; border_width=&#8221;0&#8243; uncode_shortcode_id=&#8221;252445&#8243; button_color_type=&#8221;uncode-palette&#8221; link=&#8221;url:https%3A%2F%2Fwww.sz-pp.si%2Fen%2Fcategory%2Fpublications%2F|title:Publications&#8221;]Other publications[\/vc_button][\/vc_column_inner][\/vc_row_inner][\/vc_tab][vc_tab gutter_size=&#8221;3&#8243; column_padding=&#8221;0&#8243; title=&#8221;Employment&#8221; tab_id=&#8221;1685019964370-2-4&#8243;][uncode_index el_id=&#8221;landing-objave&#8221; index_type=&#8221;css_grid&#8221; loop=&#8221;size:3|order_by:date|post_type:post|categories:13|taxonomy_count:10&#8243; grid_items=&#8221;3&#8243; screen_lg_items=&#8221;1&#8243; screen_lg_breakpoint=&#8221;900&#8243; screen_md_items=&#8221;1&#8243; screen_md_breakpoint=&#8221;600&#8243; screen_sm_items=&#8221;1&#8243; screen_sm_breakpoint=&#8221;480&#8243; gutter_size=&#8221;3&#8243; css_grid_equal_height=&#8221;yes&#8221; post_items=&#8221;category|nobg|relative|hide-icon,title,date&#8221; single_back_color=&#8221;color-light&#8221; single_overlay_color=&#8221;color-szpp&#8221; single_overlay_opacity=&#8221;50&#8243; single_image_anim=&#8221;no&#8221; single_padding=&#8221;2&#8243; single_title_dimension=&#8221;h3&#8243; single_border=&#8221;yes&#8221; uncode_shortcode_id=&#8221;169066&#8243;][vc_row_inner][vc_column_inner column_width_percent=&#8221;100&#8243; align_horizontal=&#8221;align_right&#8221; gutter_size=&#8221;3&#8243; overlay_alpha=&#8221;50&#8243; shift_x=&#8221;0&#8243; shift_y=&#8221;0&#8243; shift_y_down=&#8221;0&#8243; z_index=&#8221;0&#8243; medium_width=&#8221;0&#8243; mobile_width=&#8221;0&#8243; width=&#8221;1\/1&#8243; uncode_shortcode_id=&#8221;118484&#8243;][vc_button button_color=&#8221;accent&#8221; border_width=&#8221;0&#8243; uncode_shortcode_id=&#8221;159592&#8243; button_color_type=&#8221;uncode-palette&#8221; link=&#8221;url:https%3A%2F%2Fwww.sz-pp.si%2Fen%2Fcategory%2Femployment%2F|title:Publications&#8221;]Remaining jobs[\/vc_button][\/vc_column_inner][\/vc_row_inner][\/vc_tab][\/vc_tabs][\/vc_column][\/vc_row]<\/p>\n<\/div>","protected":false},"excerpt":{"rendered":"<p>[vc_row row_height_percent=&#8221;0&#8243; override_padding=&#8221;yes&#8221; h_padding=&#8221;2&#8243; top_padding=&#8221;3&#8243; bottom_padding=&#8221;3&#8243; overlay_alpha=&#8221;50&#8243; gutter_size=&#8221;3&#8243; column_width_percent=&#8221;100&#8243; shift_y=&#8221;0&#8243; z_index=&#8221;0&#8243; uncode_shortcode_id=&#8221;139893&#8243; row_name=&#8221;o-nas&#8221;][vc_column column_width_percent=&#8221;100&#8243; gutter_size=&#8221;2&#8243; overlay_alpha=&#8221;50&#8243; shift_x=&#8221;0&#8243; shift_y=&#8221;0&#8243; shift_y_down=&#8221;0&#8243; z_index=&#8221;0&#8243; [&hellip;]<\/p>\n","protected":false},"author":2,"featured_media":0,"parent":0,"menu_order":1,"comment_status":"closed","ping_status":"closed","template":"","meta":{"footnotes":""},"class_list":["post-704","page","type-page","status-publish","hentry"],"_links":{"self":[{"href":"https:\/\/www.sz-pp.si\/en\/wp-json\/wp\/v2\/pages\/704","targetHints":{"allow":["GET"]}}],"collection":[{"href":"https:\/\/www.sz-pp.si\/en\/wp-json\/wp\/v2\/pages"}],"about":[{"href":"https:\/\/www.sz-pp.si\/en\/wp-json\/wp\/v2\/types\/page"}],"author":[{"embeddable":true,"href":"https:\/\/www.sz-pp.si\/en\/wp-json\/wp\/v2\/users\/2"}],"replies":[{"embeddable":true,"href":"https:\/\/www.sz-pp.si\/en\/wp-json\/wp\/v2\/comments?post=704"}],"version-history":[{"count":9,"href":"https:\/\/www.sz-pp.si\/en\/wp-json\/wp\/v2\/pages\/704\/revisions"}],"predecessor-version":[{"id":795,"href":"https:\/\/www.sz-pp.si\/en\/wp-json\/wp\/v2\/pages\/704\/revisions\/795"}],"wp:attachment":[{"href":"https:\/\/www.sz-pp.si\/en\/wp-json\/wp\/v2\/media?parent=704"}],"curies":[{"name":"wp","href":"https:\/\/api.w.org\/{rel}","templated":true}]}}